{"id":35583,"date":"2025-01-02T13:16:58","date_gmt":"2025-01-02T13:16:58","guid":{"rendered":"https:\/\/renewtest.kinsta.cloud\/?page_id=35583"},"modified":"2026-01-09T12:13:29","modified_gmt":"2026-01-09T11:13:29","slug":"kontaktiere-uns","status":"publish","type":"page","link":"https:\/\/www.wecasa.de\/mag\/kontaktiere-uns\/","title":{"rendered":"Kontaktiere uns"},"content":{"rendered":"\t\t<div data-elementor-type=\"wp-page\" data-elementor-id=\"35583\" class=\"elementor elementor-35583\" data-elementor-post-type=\"page\">\n\t\t\t\t<div class=\"elementor-element elementor-element-9e0c0ca e-flex e-con-boxed e-con e-parent\" data-id=\"9e0c0ca\" data-element_type=\"container\" data-e-type=\"container\">\n\t\t\t\t\t<div class=\"e-con-inner\">\n\t\t\t\t<div class=\"elementor-element elementor-element-c1c9160 elementor-widget elementor-widget-heading\" data-id=\"c1c9160\" data-element_type=\"widget\" data-e-type=\"widget\" data-widget_type=\"heading.default\">\n\t\t\t\t<div class=\"elementor-widget-container\">\n\t\t\t\t\t<h2 class=\"elementor-heading-title elementor-size-default\">Kontaktiere das Wecasa MAG<\/h2>\t\t\t\t<\/div>\n\t\t\t\t<\/div>\n\t\t\t\t<div class=\"elementor-element elementor-element-264dc73 elementor-widget elementor-widget-wpforms\" data-id=\"264dc73\" data-element_type=\"widget\" data-e-type=\"widget\" data-widget_type=\"wpforms.default\">\n\t\t\t\t<div class=\"elementor-widget-container\">\n\t\t\t\t\t<style id=\"wpforms-css-vars-elementor-widget-264dc73\">\n\t\t\t\t.elementor-widget-wpforms.elementor-element-264dc73 {\n\t\t\t\t--wpforms-button-background-color: #EA663F;\n\t\t\t}\n\t\t\t<\/style><div class=\"wpforms-container wpforms-container-full wpforms-render-modern\" id=\"wpforms-46329\"><form id=\"wpforms-form-46329\" class=\"wpforms-validate wpforms-form wpforms-ajax-form\" data-formid=\"46329\" method=\"post\" enctype=\"multipart\/form-data\" action=\"\/wp-json\/wp\/v2\/pages\/35583\/\" data-token=\"9ceb2bbe7de4f376e2e942b8d5e80942\" data-token-time=\"1776308081\"><noscript class=\"wpforms-error-noscript\">Veuillez activer JavaScript dans votre navigateur pour remplir ce formulaire.<\/noscript><div id=\"wpforms-error-noscript\" style=\"display: none;\">Veuillez activer JavaScript dans votre navigateur pour remplir ce formulaire.<\/div><div class=\"wpforms-field-container\"><div id=\"wpforms-46329-field_4-container\" class=\"wpforms-field wpforms-field-select wpforms-field-select-style-classic\" data-field-id=\"4\"><label class=\"wpforms-field-label\" for=\"wpforms-46329-field_4\">Grund <span class=\"wpforms-required-label\" aria-hidden=\"true\">*<\/span><\/label><select id=\"wpforms-46329-field_4\" class=\"wpforms-field-medium wpforms-field-required\" name=\"wpforms[fields][4]\" required=\"required\"><option value=\"\" class=\"placeholder\" disabled  selected='selected'>--- Select Choice ---<\/option><option value=\"Ich m\u00f6chte eine SEO-Partnerschaft\"  class=\"choice-1 depth-1\"  >Ich m\u00f6chte eine SEO-Partnerschaft<\/option><option value=\"Ich m\u00f6chte eine Influencer-Partnerschaft\"  class=\"choice-2 depth-1\"  >Ich m\u00f6chte eine Influencer-Partnerschaft<\/option><option value=\"Ich m\u00f6chte einen Artikel in eurem MAG ver\u00f6ffentlichen\"  class=\"choice-3 depth-1\"  >Ich m\u00f6chte einen Artikel in eurem MAG ver\u00f6ffentlichen<\/option><option value=\"Mir ist ein Problem im MAG aufgefallen\"  class=\"choice-4 depth-1\"  >Mir ist ein Problem im MAG aufgefallen<\/option><option value=\"Anderer Grund\"  class=\"choice-5 depth-1\"  >Anderer Grund<\/option><\/select><\/div><div id=\"wpforms-46329-field_5-container\" class=\"wpforms-field wpforms-field-text\" data-field-id=\"5\"><label class=\"wpforms-field-label\" for=\"wpforms-46329-field_5\">Name <span class=\"wpforms-required-label\" aria-hidden=\"true\">*<\/span><\/label><input type=\"text\" id=\"wpforms-46329-field_5\" class=\"wpforms-field-medium wpforms-field-required\" name=\"wpforms[fields][5]\" aria-errormessage=\"wpforms-46329-field_5-error\" required><\/div>\t\t<div id=\"wpforms-46329-field_1-container\"\n\t\t\tclass=\"wpforms-field wpforms-field-text\"\n\t\t\tdata-field-type=\"text\"\n\t\t\tdata-field-id=\"1\"\n\t\t\t>\n\t\t\t<label class=\"wpforms-field-label\" for=\"wpforms-46329-field_1\" >Deine Grund E-Mail-Adresse<\/label>\n\t\t\t<input type=\"text\" id=\"wpforms-46329-field_1\" class=\"wpforms-field-medium\" name=\"wpforms[fields][1]\" >\n\t\t<\/div>\n\t\t<div id=\"wpforms-46329-field_2-container\" class=\"wpforms-field wpforms-field-email\" data-field-id=\"2\"><label class=\"wpforms-field-label\" for=\"wpforms-46329-field_2\">E-Mail-Adresse <span class=\"wpforms-required-label\" aria-hidden=\"true\">*<\/span><\/label><input type=\"email\" id=\"wpforms-46329-field_2\" class=\"wpforms-field-medium wpforms-field-required\" name=\"wpforms[fields][2]\" spellcheck=\"false\" aria-errormessage=\"wpforms-46329-field_2-error\" required><\/div><div id=\"wpforms-46329-field_6-container\" class=\"wpforms-field wpforms-field-text\" data-field-id=\"6\"><label class=\"wpforms-field-label\" for=\"wpforms-46329-field_6\">Deine Website-URL<\/label><input type=\"text\" id=\"wpforms-46329-field_6\" class=\"wpforms-field-medium\" name=\"wpforms[fields][6]\" aria-errormessage=\"wpforms-46329-field_6-error\" ><\/div><div id=\"wpforms-46329-field_3-container\" class=\"wpforms-field wpforms-field-textarea\" data-field-id=\"3\"><label class=\"wpforms-field-label\" for=\"wpforms-46329-field_3\">Nachricht <span class=\"wpforms-required-label\" aria-hidden=\"true\">*<\/span><\/label><textarea id=\"wpforms-46329-field_3\" class=\"wpforms-field-medium wpforms-field-required\" name=\"wpforms[fields][3]\" aria-errormessage=\"wpforms-46329-field_3-error\" required><\/textarea><\/div><script>\n\t\t\t\t( function() {\n\t\t\t\t\tconst style = document.createElement( 'style' );\n\t\t\t\t\tstyle.appendChild( document.createTextNode( '#wpforms-46329-field_1-container { position: absolute !important; overflow: hidden !important; display: inline !important; height: 1px !important; width: 1px !important; z-index: -1000 !important; padding: 0 !important; } #wpforms-46329-field_1-container input { visibility: hidden; } #wpforms-conversational-form-page #wpforms-46329-field_1-container label { counter-increment: none; }' ) );\n\t\t\t\t\tdocument.head.appendChild( style );\n\t\t\t\t\tdocument.currentScript?.remove();\n\t\t\t\t} )();\n\t\t\t<\/script><\/div><!-- .wpforms-field-container --><div class=\"wpforms-submit-container\" ><input type=\"hidden\" name=\"wpforms[id]\" value=\"46329\"><input type=\"hidden\" name=\"page_title\" value=\"\"><input type=\"hidden\" name=\"page_url\" value=\"https:\/\/www.wecasa.de\/wp-json\/wp\/v2\/pages\/35583\/\"><input type=\"hidden\" name=\"url_referer\" value=\"https:\/\/www.wecasa.de\/mag\/wp-json\/wp\/v2\/pages\/35583\"><button type=\"submit\" name=\"wpforms[submit]\" id=\"wpforms-submit-46329\" class=\"wpforms-submit\" data-alt-text=\"Senden\u2026\" data-submit-text=\"Senden\" aria-live=\"assertive\" value=\"wpforms-submit\">Senden<\/button><img decoding=\"async\" src=\"https:\/\/www.wecasa.de\/mag\/wp-content\/plugins\/wpforms-lite\/assets\/images\/submit-spin.svg\" class=\"wpforms-submit-spinner\" style=\"display: none;\" width=\"26\" height=\"26\" alt=\"Chargement en cours\"><br\/><br\/>\t\t<div id=\"cf-turnstile-wpf-2543237211\"\r\n\t\tclass=\"cf-turnstile\" \t\tdata-sitekey=\"0x4AAAAAACM4OJPIIQTZS8b1\"\r\n\t\tdata-theme=\"light\"\r\n\t\tdata-language=\"auto\"\r\n\t\tdata-size=\"flexible\"\r\n\t\tdata-retry=\"auto\" data-retry-interval=\"1000\"\r\n\t\tdata-refresh-expired=\"auto\"\r\n\t\tdata-refresh-timeout=\"auto\"\r\n\t\tdata-action=\"wpforms-46329\"\r\n\t\tdata-callback=\"turnstileWPFCallback\"\r\n\t\t\t\tdata-appearance=\"always\"><\/div>\r\n\t\t\t<script>document.addEventListener(\"DOMContentLoaded\", function() { setTimeout(function(){ var e=document.getElementById(\"cf-turnstile-wpf-2543237211\"); if(e&&!e.innerHTML.trim()){turnstile.render(e, {sitekey:\"0x4AAAAAACM4OJPIIQTZS8b1\"});} }, 200); });<\/script>\r\n\t\t\t<br class=\"cf-turnstile-br cf-turnstile-br-wpf-2543237211\">\r\n\t\t\t\t<style>#cf-turnstile-wpf-2543237211 { margin-left: -15px; }<\/style>\r\n\t\t<\/div><\/form><\/div>  <!-- .wpforms-container -->\t\t\t\t<\/div>\n\t\t\t\t<\/div>\n\t\t\t\t\t<\/div>\n\t\t\t\t<\/div>\n\t\t\t\t<\/div>\n\t\t","protected":false},"excerpt":{"rendered":"<p>Kontaktiere das Wecasa MAG Please enable JavaScript in your browser to complete this form.Please enable JavaScript in your browser to complete this form.Grund *&#8212; Select Choice &#8212;Ich m\u00f6chte eine SEO-PartnerschaftIch m\u00f6chte eine Influencer-PartnerschaftIch m\u00f6chte einen Artikel in eurem MAG ver\u00f6ffentlichenMir ist ein Problem im MAG aufgefallenAnderer GrundName *E-Mail-Adresse *Deine Website-URLNachricht * Senden<\/p>\n","protected":false},"author":1,"featured_media":0,"parent":0,"menu_order":0,"comment_status":"closed","ping_status":"closed","template":"","meta":{"_acf_changed":false,"footnotes":""},"class_list":["post-35583","page","type-page","status-publish","hentry"],"acf":[],"_links":{"self":[{"href":"https:\/\/www.wecasa.de\/mag\/wp-json\/wp\/v2\/pages\/35583","targetHints":{"allow":["GET"]}}],"collection":[{"href":"https:\/\/www.wecasa.de\/mag\/wp-json\/wp\/v2\/pages"}],"about":[{"href":"https:\/\/www.wecasa.de\/mag\/wp-json\/wp\/v2\/types\/page"}],"author":[{"embeddable":true,"href":"https:\/\/www.wecasa.de\/mag\/wp-json\/wp\/v2\/users\/1"}],"replies":[{"embeddable":true,"href":"https:\/\/www.wecasa.de\/mag\/wp-json\/wp\/v2\/comments?post=35583"}],"version-history":[{"count":0,"href":"https:\/\/www.wecasa.de\/mag\/wp-json\/wp\/v2\/pages\/35583\/revisions"}],"wp:attachment":[{"href":"https:\/\/www.wecasa.de\/mag\/wp-json\/wp\/v2\/media?parent=35583"}],"curies":[{"name":"wp","href":"https:\/\/api.w.org\/{rel}","templated":true}]}}